{"id":426,"date":"2021-10-19T11:16:02","date_gmt":"2021-10-19T11:16:02","guid":{"rendered":"https:\/\/demosites.io\/neve-3\/?page_id=423"},"modified":"2021-10-19T11:16:02","modified_gmt":"2021-10-19T11:16:02","slug":"7b3c2-home-alt","status":"publish","type":"page","link":"https:\/\/e-classintothedeep.eu\/es\/7b3c2-home-alt\/","title":{"rendered":"Home Alt"},"content":{"rendered":"<div style=\"height:60px\" aria-hidden=\"true\" class=\"wp-block-spacer\"><\/div>\n\n\n\n<div class=\"wp-block-columns is-layout-flex wp-container-core-columns-is-layout-28f84493 wp-block-columns-is-layout-flex\">\n<div class=\"wp-block-column is-layout-flow wp-block-column-is-layout-flow\" style=\"flex-basis:10%\"><\/div>\n\n\n\n<div class=\"wp-block-column is-layout-flow wp-block-column-is-layout-flow\" style=\"flex-basis:80%\">\n<h1 class=\"wp-block-heading has-text-align-center\">Meet Neve, a lightweight theme for Gutenberg<\/h1>\n\n\n\n<p class=\"has-text-align-center\" style=\"font-size:1.125em\">This demo shows the default styles that come with Neve, using only core features and Gutenberg-powered layouts<\/p>\n\n\n\n<div class=\"wp-block-buttons is-horizontal is-content-justification-center is-layout-flex wp-container-core-buttons-is-layout-03627597 wp-block-buttons-is-layout-flex\">\n<div class=\"wp-block-button is-style-primary\"><a class=\"wp-block-button__link wp-element-button\">Download Neve for Free<\/a><\/div>\n<\/div>\n<\/div>\n\n\n\n<div class=\"wp-block-column is-layout-flow wp-block-column-is-layout-flow\" style=\"flex-basis:10%\"><\/div>\n<\/div>\n\n\n\n<div style=\"height:60px\" aria-hidden=\"true\" class=\"wp-block-spacer\"><\/div>\n\n\n\n<figure class=\"wp-block-gallery aligncenter has-nested-images columns-default is-cropped wp-block-gallery-1 is-layout-flex wp-block-gallery-is-layout-flex\">\n<figure class=\"wp-block-image size-full\"><img decoding=\"async\" data-id=\"416\" src=\"https:\/\/e-classintothedeep.eu\/wp-content\/uploads\/2021\/10\/neve-demo-image-39.png\" alt=\"\" class=\"wp-image-416\"\/><\/figure>\n<\/figure>\n\n\n\n<div style=\"height:20px\" aria-hidden=\"true\" class=\"wp-block-spacer\"><\/div>\n\n\n\n<p class=\"has-text-align-center\" style=\"font-size:0.9em\"><strong>WHY CHOOSE NEVE<\/strong><\/p>\n\n\n\n<div class=\"wp-block-columns are-vertically-aligned-top is-layout-flex wp-container-core-columns-is-layout-28f84493 wp-block-columns-is-layout-flex\">\n<div class=\"wp-block-column is-vertically-aligned-top is-layout-flow wp-block-column-is-layout-flow\">\n<figure class=\"wp-block-image size-full\"><img fetchpriority=\"high\" decoding=\"async\" width=\"800\" height=\"800\" src=\"https:\/\/e-classintothedeep.eu\/wp-content\/uploads\/2021\/10\/neve-demo-image-28.png\" alt=\"\" class=\"wp-image-378\" srcset=\"https:\/\/e-classintothedeep.eu\/wp-content\/uploads\/2021\/10\/neve-demo-image-28.png 800w, https:\/\/e-classintothedeep.eu\/wp-content\/uploads\/2021\/10\/neve-demo-image-28-300x300.png 300w, https:\/\/e-classintothedeep.eu\/wp-content\/uploads\/2021\/10\/neve-demo-image-28-150x150.png 150w\" sizes=\"(max-width: 800px) 100vw, 800px\" \/><\/figure>\n\n\n\n<div style=\"height:16px\" aria-hidden=\"true\" class=\"wp-block-spacer\"><\/div>\n\n\n\n<h3 class=\"wp-block-heading has-text-align-center\">Fast<\/h3>\n\n\n\n<p class=\"has-text-align-center\">Lorem ipsum, or lipsum as it is sometimes known, is dummy text used in laying out print, graphic or web designs. <\/p>\n<\/div>\n\n\n\n<div class=\"wp-block-column is-vertically-aligned-top is-layout-flow wp-block-column-is-layout-flow\">\n<figure class=\"wp-block-image size-full\"><img decoding=\"async\" width=\"800\" height=\"800\" src=\"https:\/\/e-classintothedeep.eu\/wp-content\/uploads\/2021\/10\/neve-demo-image-29.png\" alt=\"\" class=\"wp-image-373\" srcset=\"https:\/\/e-classintothedeep.eu\/wp-content\/uploads\/2021\/10\/neve-demo-image-29.png 800w, https:\/\/e-classintothedeep.eu\/wp-content\/uploads\/2021\/10\/neve-demo-image-29-300x300.png 300w, https:\/\/e-classintothedeep.eu\/wp-content\/uploads\/2021\/10\/neve-demo-image-29-150x150.png 150w\" sizes=\"(max-width: 800px) 100vw, 800px\" \/><\/figure>\n\n\n\n<div style=\"height:16px\" aria-hidden=\"true\" class=\"wp-block-spacer\"><\/div>\n\n\n\n<h3 class=\"wp-block-heading has-text-align-center\">Stable<\/h3>\n\n\n\n<p class=\"has-text-align-center\">Lorem ipsum, or lipsum as it is sometimes known, is dummy text used in laying out print, graphic or web designs. <\/p>\n<\/div>\n\n\n\n<div class=\"wp-block-column is-vertically-aligned-top is-layout-flow wp-block-column-is-layout-flow\">\n<figure class=\"wp-block-image size-full\"><img decoding=\"async\" width=\"800\" height=\"800\" src=\"https:\/\/e-classintothedeep.eu\/wp-content\/uploads\/2021\/10\/neve-demo-image-31.png\" alt=\"\" class=\"wp-image-375\" srcset=\"https:\/\/e-classintothedeep.eu\/wp-content\/uploads\/2021\/10\/neve-demo-image-31.png 800w, https:\/\/e-classintothedeep.eu\/wp-content\/uploads\/2021\/10\/neve-demo-image-31-300x300.png 300w, https:\/\/e-classintothedeep.eu\/wp-content\/uploads\/2021\/10\/neve-demo-image-31-150x150.png 150w\" sizes=\"(max-width: 800px) 100vw, 800px\" \/><\/figure>\n\n\n\n<div style=\"height:16px\" aria-hidden=\"true\" class=\"wp-block-spacer\"><\/div>\n\n\n\n<h3 class=\"wp-block-heading has-text-align-center\">Intuitive<\/h3>\n\n\n\n<p class=\"has-text-align-center\">Lorem ipsum, or lipsum as it is sometimes known, is dummy text used in laying out print, graphic or web designs.<\/p>\n<\/div>\n<\/div>\n\n\n\n<div style=\"height:40px\" aria-hidden=\"true\" class=\"wp-block-spacer\"><\/div>\n\n\n\n<div class=\"wp-block-columns is-layout-flex wp-container-core-columns-is-layout-28f84493 wp-block-columns-is-layout-flex\">\n<div class=\"wp-block-column is-vertically-aligned-center is-layout-flow wp-block-column-is-layout-flow\">\n<figure class=\"wp-block-image aligncenter size-full\"><img decoding=\"async\" src=\"https:\/\/e-classintothedeep.eu\/wp-content\/uploads\/2021\/10\/neve-demo-image-36.png\" alt=\"\" class=\"wp-image-413\"\/><\/figure>\n<\/div>\n\n\n\n<div class=\"wp-block-column is-vertically-aligned-center is-layout-flow wp-block-column-is-layout-flow\">\n<p style=\"font-size:0.9em\"><strong>DESIGN MANAGEMENT<\/strong><\/p>\n\n\n\n<h2 class=\"wp-block-heading\">Typography &amp; color systems<\/h2>\n\n\n\n<p>NASA snapped it making waves in the Martian clouds in 2003, and in April of this year, one of the first images the ESA\u2019s Trace Gas Orbiter captured was a gorgeous shot of the crater\u2019s rim.<\/p>\n\n\n\n<div class=\"wp-block-buttons is-layout-flex wp-block-buttons-is-layout-flex\">\n<div class=\"wp-block-button is-style-primary\"><a class=\"wp-block-button__link wp-element-button\">Primary<\/a><\/div>\n\n\n\n<div class=\"wp-block-button is-style-secondary\"><a class=\"wp-block-button__link wp-element-button\">Secondary<\/a><\/div>\n<\/div>\n<\/div>\n<\/div>\n\n\n\n<div style=\"height:20px\" aria-hidden=\"true\" class=\"wp-block-spacer\"><\/div>\n\n\n\n<p style=\"font-size:0.9em\"><strong>FROM OUR BLOG<\/strong><\/p>\n\n\n\n<div class=\"wp-block-query is-layout-flow wp-block-query-is-layout-flow\"><ul class=\"columns-3 wp-block-post-template is-layout-grid wp-container-core-post-template-is-layout-6d3fbd8f wp-block-post-template-is-layout-grid\"><li class=\"wp-block-post post-1943 post type-post status-publish format-standard hentry category-uncategorized\">\n\n\n<div class=\"wp-block-post-date\"><time datetime=\"2024-05-20T11:56:37+00:00\">mayo 20, 2024<\/time><\/div>\n\n<h4 class=\"wp-block-post-title\">Ecosistemas costeros del Noroeste Mediterr\u00e1neo (Catalu\u00f1a)<\/h4>\n<\/li><li class=\"wp-block-post post-1926 post type-post status-publish format-standard hentry category-uncategorized\">\n\n\n<div class=\"wp-block-post-date\"><time datetime=\"2024-05-20T11:51:40+00:00\">mayo 20, 2024<\/time><\/div>\n\n<h4 class=\"wp-block-post-title\">H\u00e1bitats de luz tenue del Mar Egeo, Grecia<\/h4>\n<\/li><li class=\"wp-block-post post-1921 post type-post status-publish format-standard hentry category-uncategorized\">\n\n\n<div class=\"wp-block-post-date\"><time datetime=\"2024-05-20T11:49:10+00:00\">mayo 20, 2024<\/time><\/div>\n\n<h4 class=\"wp-block-post-title\">Ecosistema de fuentes fr\u00edas, Ca\u00f1on de Barkley, Columbia Brit\u00e1nica, Canad\u00e1<\/h4>\n<\/li><\/ul><\/div>\n\n\n\n<div style=\"height:40px\" aria-hidden=\"true\" class=\"wp-block-spacer\"><\/div>","protected":false},"excerpt":{"rendered":"<p>Meet Neve, a lightweight theme for Gutenberg This demo shows the default styles that come with Neve, using only core features and Gutenberg-powered layouts WHY CHOOSE NEVE Fast Lorem ipsum, or lipsum as it is sometimes known, is dummy text used in laying out print, graphic or web designs. Stable Lorem ipsum, or lipsum as [&hellip;]<\/p>\n","protected":false},"author":1,"featured_media":0,"parent":0,"menu_order":0,"comment_status":"closed","ping_status":"closed","template":"","meta":{"_uag_custom_page_level_css":"","site-sidebar-layout":"default","site-content-layout":"","ast-site-content-layout":"default","site-content-style":"default","site-sidebar-style":"default","ast-global-header-display":"","ast-banner-title-visibility":"","ast-main-header-display":"","ast-hfb-above-header-display":"","ast-hfb-below-header-display":"","ast-hfb-mobile-header-display":"","site-post-title":"","ast-breadcrumbs-content":"","ast-featured-img":"","footer-sml-layout":"","ast-disable-related-posts":"","theme-transparent-header-meta":"","adv-header-id-meta":"","stick-header-meta":"","header-above-stick-meta":"","header-main-stick-meta":"","header-below-stick-meta":"","astra-migrate-meta-layouts":"default","ast-page-background-enabled":"default","ast-page-background-meta":{"desktop":{"background-color":"var(--ast-global-color-4)","background-image":"","background-repeat":"repeat","background-position":"center center","background-size":"auto","background-attachment":"scroll","background-type":"","background-media":"","overlay-type":"","overlay-color":"","overlay-opacity":"","overlay-gradient":""},"tablet":{"background-color":"","background-image":"","background-repeat":"repeat","background-position":"center center","background-size":"auto","background-attachment":"scroll","background-type":"","background-media":"","overlay-type":"","overlay-color":"","overlay-opacity":"","overlay-gradient":""},"mobile":{"background-color":"","background-image":"","background-repeat":"repeat","background-position":"center center","background-size":"auto","background-attachment":"scroll","background-type":"","background-media":"","overlay-type":"","overlay-color":"","overlay-opacity":"","overlay-gradient":""}},"ast-content-background-meta":{"desktop":{"background-color":"var(--ast-global-color-5)","background-image":"","background-repeat":"repeat","background-position":"center center","background-size":"auto","background-attachment":"scroll","background-type":"","background-media":"","overlay-type":"","overlay-color":"","overlay-opacity":"","overlay-gradient":""},"tablet":{"background-color":"var(--ast-global-color-5)","background-image":"","background-repeat":"repeat","background-position":"center center","background-size":"auto","background-attachment":"scroll","background-type":"","background-media":"","overlay-type":"","overlay-color":"","overlay-opacity":"","overlay-gradient":""},"mobile":{"background-color":"var(--ast-global-color-5)","background-image":"","background-repeat":"repeat","background-position":"center center","background-size":"auto","background-attachment":"scroll","background-type":"","background-media":"","overlay-type":"","overlay-color":"","overlay-opacity":"","overlay-gradient":""}},"_themeisle_gutenberg_block_has_review":false,"footnotes":""},"class_list":["post-426","page","type-page","status-publish","hentry"],"uagb_featured_image_src":{"full":false,"thumbnail":false,"medium":false,"medium_large":false,"large":false,"1536x1536":false,"2048x2048":false,"trp-custom-language-flag":false},"uagb_author_info":{"display_name":"admin","author_link":"https:\/\/e-classintothedeep.eu\/es\/author\/admin_y1o5rj9p\/"},"uagb_comment_info":0,"uagb_excerpt":"Meet Neve, a lightweight theme for Gutenberg This demo shows the default styles that come with Neve, using only core features and Gutenberg-powered layouts WHY CHOOSE NEVE Fast Lorem ipsum, or lipsum as it is sometimes known, is dummy text used in laying out print, graphic or web designs. Stable Lorem ipsum, or lipsum as&hellip;","_links":{"self":[{"href":"https:\/\/e-classintothedeep.eu\/es\/wp-json\/wp\/v2\/pages\/426","targetHints":{"allow":["GET"]}}],"collection":[{"href":"https:\/\/e-classintothedeep.eu\/es\/wp-json\/wp\/v2\/pages"}],"about":[{"href":"https:\/\/e-classintothedeep.eu\/es\/wp-json\/wp\/v2\/types\/page"}],"author":[{"embeddable":true,"href":"https:\/\/e-classintothedeep.eu\/es\/wp-json\/wp\/v2\/users\/1"}],"replies":[{"embeddable":true,"href":"https:\/\/e-classintothedeep.eu\/es\/wp-json\/wp\/v2\/comments?post=426"}],"version-history":[{"count":0,"href":"https:\/\/e-classintothedeep.eu\/es\/wp-json\/wp\/v2\/pages\/426\/revisions"}],"wp:attachment":[{"href":"https:\/\/e-classintothedeep.eu\/es\/wp-json\/wp\/v2\/media?parent=426"}],"curies":[{"name":"wp","href":"https:\/\/api.w.org\/{rel}","templated":true}]}}