{"id":1322,"date":"2024-05-17T11:42:21","date_gmt":"2024-05-17T11:42:21","guid":{"rendered":"https:\/\/e-classintothedeep.eu\/index.php\/home-2\/"},"modified":"2024-05-27T06:23:04","modified_gmt":"2024-05-27T06:23:04","slug":"home-2","status":"publish","type":"page","link":"https:\/\/e-classintothedeep.eu\/de\/","title":{"rendered":"Startseite"},"content":{"rendered":"<div data-elementor-type=\"wp-page\" data-elementor-id=\"1322\" class=\"elementor elementor-1322\" data-elementor-settings=\"{&quot;ha_cmc_init_switcher&quot;:&quot;no&quot;}\" data-elementor-post-type=\"page\">\n\t\t\t\t\t\t<section class=\"elementor-section elementor-top-section elementor-element elementor-element-998e04b elementor-section-boxed elementor-section-height-default elementor-section-height-default\" data-id=\"998e04b\" data-element_type=\"section\" data-e-type=\"section\" data-settings=\"{&quot;background_background&quot;:&quot;classic&quot;,&quot;_ha_eqh_enable&quot;:false}\">\n\t\t\t\t\t\t<div class=\"elementor-container elementor-column-gap-default\">\n\t\t\t\t\t<div class=\"elementor-column elementor-col-100 elementor-top-column elementor-element elementor-element-1da7808\" data-id=\"1da7808\" data-element_type=\"column\" data-e-type=\"column\">\n\t\t\t<div class=\"elementor-widget-wrap elementor-element-populated\">\n\t\t\t\t\t\t<div class=\"elementor-element elementor-element-0c691da elementor-widget elementor-widget-spacer\" data-id=\"0c691da\" data-element_type=\"widget\" data-e-type=\"widget\" data-widget_type=\"spacer.default\">\n\t\t\t\t<div class=\"elementor-widget-container\">\n\t\t\t\t\t\t\t<div class=\"elementor-spacer\">\n\t\t\t<div class=\"elementor-spacer-inner\"><\/div>\n\t\t<\/div>\n\t\t\t\t\t\t<\/div>\n\t\t\t\t<\/div>\n\t\t\t\t\t<\/div>\n\t\t<\/div>\n\t\t\t\t\t<\/div>\n\t\t<\/section>\n\t\t\t\t<header class=\"elementor-section elementor-top-section elementor-element elementor-element-f45bdb0 elementor-section-full_width elementor-section-content-top elementor-section-height-default elementor-section-height-default\" data-id=\"f45bdb0\" data-element_type=\"section\" data-e-type=\"section\" data-settings=\"{&quot;_ha_eqh_enable&quot;:false}\">\n\t\t\t\t\t\t<div class=\"elementor-container elementor-column-gap-default\">\n\t\t\t\t\t<div class=\"elementor-column elementor-col-100 elementor-top-column elementor-element elementor-element-2652eea\" data-id=\"2652eea\" data-element_type=\"column\" data-e-type=\"column\">\n\t\t\t<div class=\"elementor-widget-wrap elementor-element-populated\">\n\t\t\t\t\t\t<div class=\"elementor-element elementor-element-e1133db elementor-widget elementor-widget-image\" data-id=\"e1133db\" data-element_type=\"widget\" data-e-type=\"widget\" data-widget_type=\"image.default\">\n\t\t\t\t<div class=\"elementor-widget-container\">\n\t\t\t\t\t\t\t\t\t\t\t\t\t\t\t<img fetchpriority=\"high\" decoding=\"async\" width=\"1024\" height=\"306\" src=\"https:\/\/e-classintothedeep.eu\/wp-content\/uploads\/2024\/05\/Into-The-Deep-1024x306.png\" class=\"attachment-large size-large wp-image-1810\" alt=\"\" srcset=\"https:\/\/e-classintothedeep.eu\/wp-content\/uploads\/2024\/05\/Into-The-Deep-1024x306.png 1024w, https:\/\/e-classintothedeep.eu\/wp-content\/uploads\/2024\/05\/Into-The-Deep-300x90.png 300w, https:\/\/e-classintothedeep.eu\/wp-content\/uploads\/2024\/05\/Into-The-Deep-768x229.png 768w, https:\/\/e-classintothedeep.eu\/wp-content\/uploads\/2024\/05\/Into-The-Deep.png 1400w\" sizes=\"(max-width: 1024px) 100vw, 1024px\" \/>\t\t\t\t\t\t\t\t\t\t\t\t\t\t\t<\/div>\n\t\t\t\t<\/div>\n\t\t\t\t\t<\/div>\n\t\t<\/div>\n\t\t\t\t\t<\/div>\n\t\t<\/header>\n\t\t\t\t<section class=\"elementor-section elementor-top-section elementor-element elementor-element-a7d658a elementor-section-boxed elementor-section-height-default elementor-section-height-default\" data-id=\"a7d658a\" data-element_type=\"section\" data-e-type=\"section\" data-settings=\"{&quot;_ha_eqh_enable&quot;:false}\">\n\t\t\t\t\t\t<div class=\"elementor-container elementor-column-gap-default\">\n\t\t\t\t\t<div class=\"elementor-column elementor-col-100 elementor-top-column elementor-element elementor-element-c2f56bd\" data-id=\"c2f56bd\" data-element_type=\"column\" data-e-type=\"column\">\n\t\t\t<div class=\"elementor-widget-wrap elementor-element-populated\">\n\t\t\t\t\t\t<div class=\"elementor-element elementor-element-81a839c elementor-widget elementor-widget-heading\" data-id=\"81a839c\" data-element_type=\"widget\" data-e-type=\"widget\" data-widget_type=\"heading.default\">\n\t\t\t\t<div class=\"elementor-widget-container\">\n\t\t\t\t\t<h2 class=\"elementor-heading-title elementor-size-default\">Kurse<\/h2>\t\t\t\t<\/div>\n\t\t\t\t<\/div>\n\t\t\t\t<div class=\"elementor-element elementor-element-10f118d elementor-widget-divider--view-line elementor-widget elementor-widget-divider\" data-id=\"10f118d\" data-element_type=\"widget\" data-e-type=\"widget\" data-widget_type=\"divider.default\">\n\t\t\t\t<div class=\"elementor-widget-container\">\n\t\t\t\t\t\t\t<div class=\"elementor-divider\">\n\t\t\t<span class=\"elementor-divider-separator\">\n\t\t\t\t\t\t<\/span>\n\t\t<\/div>\n\t\t\t\t\t\t<\/div>\n\t\t\t\t<\/div>\n\t\t\t\t\t<\/div>\n\t\t<\/div>\n\t\t\t\t\t<\/div>\n\t\t<\/section>\n\t\t\t\t<section class=\"elementor-section elementor-top-section elementor-element elementor-element-748fbc5 elementor-section-boxed elementor-section-height-default elementor-section-height-default\" data-id=\"748fbc5\" data-element_type=\"section\" data-e-type=\"section\" data-settings=\"{&quot;_ha_eqh_enable&quot;:false}\">\n\t\t\t\t\t\t<div class=\"elementor-container elementor-column-gap-default\">\n\t\t\t\t\t<div data-ha-element-link=\"{&quot;url&quot;:&quot;https:\\\/\\\/e-classintothedeep.eu\\\/hard-bottom-ecosystem-in-the-artic\\\/&quot;,&quot;is_external&quot;:&quot;&quot;,&quot;nofollow&quot;:&quot;&quot;}\" style=\"cursor: pointer\" class=\"elementor-column elementor-col-50 elementor-top-column elementor-element elementor-element-f864aa9\" data-id=\"f864aa9\" data-element_type=\"column\" data-e-type=\"column\">\n\t\t\t<div class=\"elementor-widget-wrap elementor-element-populated\">\n\t\t\t\t\t\t<div class=\"elementor-element elementor-element-1fd0065 elementor-widget elementor-widget-image\" data-id=\"1fd0065\" data-element_type=\"widget\" data-e-type=\"widget\" data-widget_type=\"image.default\">\n\t\t\t\t<div class=\"elementor-widget-container\">\n\t\t\t\t\t\t\t\t\t\t\t\t\t\t\t<img decoding=\"async\" width=\"1024\" height=\"560\" src=\"https:\/\/e-classintothedeep.eu\/wp-content\/uploads\/2024\/05\/pexels-jeanchristophe-andre-2574997-1024x560.jpg\" class=\"attachment-large size-large wp-image-1896\" alt=\"\" srcset=\"https:\/\/e-classintothedeep.eu\/wp-content\/uploads\/2024\/05\/pexels-jeanchristophe-andre-2574997-1024x560.jpg 1024w, https:\/\/e-classintothedeep.eu\/wp-content\/uploads\/2024\/05\/pexels-jeanchristophe-andre-2574997-300x164.jpg 300w, https:\/\/e-classintothedeep.eu\/wp-content\/uploads\/2024\/05\/pexels-jeanchristophe-andre-2574997-768x420.jpg 768w, https:\/\/e-classintothedeep.eu\/wp-content\/uploads\/2024\/05\/pexels-jeanchristophe-andre-2574997-1536x840.jpg 1536w, https:\/\/e-classintothedeep.eu\/wp-content\/uploads\/2024\/05\/pexels-jeanchristophe-andre-2574997-2048x1121.jpg 2048w, https:\/\/e-classintothedeep.eu\/wp-content\/uploads\/2024\/05\/pexels-jeanchristophe-andre-2574997-18x10.jpg 18w\" sizes=\"(max-width: 1024px) 100vw, 1024px\" \/>\t\t\t\t\t\t\t\t\t\t\t\t\t\t\t<\/div>\n\t\t\t\t<\/div>\n\t\t\t\t<div class=\"elementor-element elementor-element-4b705e6 elementor-widget elementor-widget-heading\" data-id=\"4b705e6\" data-element_type=\"widget\" data-e-type=\"widget\" data-widget_type=\"heading.default\">\n\t\t\t\t<div class=\"elementor-widget-container\">\n\t\t\t\t\t<h2 class=\"elementor-heading-title elementor-size-default\"><a href=\"https:\/\/e-classintothedeep.eu\/de\/hard-bottom-ecosystem-in-the-artic\/\">Hartboden-\u00f6kosystem in der Arktis<\/a><\/h2>\t\t\t\t<\/div>\n\t\t\t\t<\/div>\n\t\t\t\t\t<\/div>\n\t\t<\/div>\n\t\t\t\t<div data-ha-element-link=\"{&quot;url&quot;:&quot;https:\\\/\\\/e-classintothedeep.eu\\\/cold-seep-ecosystem-barkley-canyon-bc-canada\\\/&quot;,&quot;is_external&quot;:&quot;&quot;,&quot;nofollow&quot;:&quot;&quot;}\" style=\"cursor: pointer\" class=\"elementor-column elementor-col-50 elementor-top-column elementor-element elementor-element-58fdb36\" data-id=\"58fdb36\" data-element_type=\"column\" data-e-type=\"column\">\n\t\t\t<div class=\"elementor-widget-wrap elementor-element-populated\">\n\t\t\t\t\t\t<div class=\"elementor-element elementor-element-74779a1 elementor-widget elementor-widget-image\" data-id=\"74779a1\" data-element_type=\"widget\" data-e-type=\"widget\" data-widget_type=\"image.default\">\n\t\t\t\t<div class=\"elementor-widget-container\">\n\t\t\t\t\t\t\t\t\t\t\t\t\t\t\t<img decoding=\"async\" width=\"1024\" height=\"683\" src=\"https:\/\/e-classintothedeep.eu\/wp-content\/uploads\/2024\/05\/canada-1024x683.jpg\" class=\"attachment-large size-large wp-image-1898\" alt=\"\" srcset=\"https:\/\/e-classintothedeep.eu\/wp-content\/uploads\/2024\/05\/canada-1024x683.jpg 1024w, https:\/\/e-classintothedeep.eu\/wp-content\/uploads\/2024\/05\/canada-300x200.jpg 300w, https:\/\/e-classintothedeep.eu\/wp-content\/uploads\/2024\/05\/canada-768x512.jpg 768w, https:\/\/e-classintothedeep.eu\/wp-content\/uploads\/2024\/05\/canada-1536x1024.jpg 1536w, https:\/\/e-classintothedeep.eu\/wp-content\/uploads\/2024\/05\/canada-2048x1365.jpg 2048w, https:\/\/e-classintothedeep.eu\/wp-content\/uploads\/2024\/05\/canada-18x12.jpg 18w\" sizes=\"(max-width: 1024px) 100vw, 1024px\" \/>\t\t\t\t\t\t\t\t\t\t\t\t\t\t\t<\/div>\n\t\t\t\t<\/div>\n\t\t\t\t<div class=\"elementor-element elementor-element-8ab912f elementor-widget elementor-widget-heading\" data-id=\"8ab912f\" data-element_type=\"widget\" data-e-type=\"widget\" data-widget_type=\"heading.default\">\n\t\t\t\t<div class=\"elementor-widget-container\">\n\t\t\t\t\t<h2 class=\"elementor-heading-title elementor-size-default\"><a href=\"https:\/\/e-classintothedeep.eu\/de\/cold-seep-ecosystem-barkley-canyon-bc-canada\/\">Kaltwassersiep-\u00d6kosystem, Barkley Canyon, British Columbia, Kanada\n<\/a><\/h2>\t\t\t\t<\/div>\n\t\t\t\t<\/div>\n\t\t\t\t\t<\/div>\n\t\t<\/div>\n\t\t\t\t\t<\/div>\n\t\t<\/section>\n\t\t\t\t<section class=\"elementor-section elementor-top-section elementor-element elementor-element-0149516 elementor-section-boxed elementor-section-height-default elementor-section-height-default\" data-id=\"0149516\" data-element_type=\"section\" data-e-type=\"section\" data-settings=\"{&quot;_ha_eqh_enable&quot;:false}\">\n\t\t\t\t\t\t<div class=\"elementor-container elementor-column-gap-default\">\n\t\t\t\t\t<div data-ha-element-link=\"{&quot;url&quot;:&quot;https:\\\/\\\/e-classintothedeep.eu\\\/the-dim-light-habitats-of-the-aegean-sea-greece\\\/&quot;,&quot;is_external&quot;:&quot;&quot;,&quot;nofollow&quot;:&quot;&quot;}\" style=\"cursor: pointer\" class=\"elementor-column elementor-col-50 elementor-top-column elementor-element elementor-element-2def9bf\" data-id=\"2def9bf\" data-element_type=\"column\" data-e-type=\"column\">\n\t\t\t<div class=\"elementor-widget-wrap elementor-element-populated\">\n\t\t\t\t\t\t<div class=\"elementor-element elementor-element-1516bd0 elementor-widget elementor-widget-image\" data-id=\"1516bd0\" data-element_type=\"widget\" data-e-type=\"widget\" data-widget_type=\"image.default\">\n\t\t\t\t<div class=\"elementor-widget-container\">\n\t\t\t\t\t\t\t\t\t\t\t\t\t\t\t<img loading=\"lazy\" decoding=\"async\" width=\"1024\" height=\"768\" src=\"https:\/\/e-classintothedeep.eu\/wp-content\/uploads\/2024\/05\/aegean-1024x768.jpg\" class=\"attachment-large size-large wp-image-1899\" alt=\"\" srcset=\"https:\/\/e-classintothedeep.eu\/wp-content\/uploads\/2024\/05\/aegean-1024x768.jpg 1024w, https:\/\/e-classintothedeep.eu\/wp-content\/uploads\/2024\/05\/aegean-300x225.jpg 300w, https:\/\/e-classintothedeep.eu\/wp-content\/uploads\/2024\/05\/aegean-768x576.jpg 768w, https:\/\/e-classintothedeep.eu\/wp-content\/uploads\/2024\/05\/aegean-1536x1152.jpg 1536w, https:\/\/e-classintothedeep.eu\/wp-content\/uploads\/2024\/05\/aegean-2048x1536.jpg 2048w, https:\/\/e-classintothedeep.eu\/wp-content\/uploads\/2024\/05\/aegean-16x12.jpg 16w\" sizes=\"(max-width: 1024px) 100vw, 1024px\" \/>\t\t\t\t\t\t\t\t\t\t\t\t\t\t\t<\/div>\n\t\t\t\t<\/div>\n\t\t\t\t<div class=\"elementor-element elementor-element-0c69c6b elementor-widget elementor-widget-heading\" data-id=\"0c69c6b\" data-element_type=\"widget\" data-e-type=\"widget\" data-widget_type=\"heading.default\">\n\t\t\t\t<div class=\"elementor-widget-container\">\n\t\t\t\t\t<h2 class=\"elementor-heading-title elementor-size-default\"><a href=\"https:\/\/e-classintothedeep.eu\/de\/the-dim-light-habitats-of-the-aegean-sea-greece\/\">Die Lebensr\u00e4ume mit schwachem Licht der \u00c4g\u00e4is, Griechenland<\/a><\/h2>\t\t\t\t<\/div>\n\t\t\t\t<\/div>\n\t\t\t\t\t<\/div>\n\t\t<\/div>\n\t\t\t\t<div data-ha-element-link=\"{&quot;url&quot;:&quot;https:\\\/\\\/e-classintothedeep.eu\\\/coastal-north-western-mediterranean-catalan-ecosystems\\\/&quot;,&quot;is_external&quot;:&quot;&quot;,&quot;nofollow&quot;:&quot;&quot;}\" style=\"cursor: pointer\" class=\"elementor-column elementor-col-50 elementor-top-column elementor-element elementor-element-324ee66\" data-id=\"324ee66\" data-element_type=\"column\" data-e-type=\"column\">\n\t\t\t<div class=\"elementor-widget-wrap elementor-element-populated\">\n\t\t\t\t\t\t<div class=\"elementor-element elementor-element-87eea78 elementor-widget elementor-widget-image\" data-id=\"87eea78\" data-element_type=\"widget\" data-e-type=\"widget\" data-widget_type=\"image.default\">\n\t\t\t\t<div class=\"elementor-widget-container\">\n\t\t\t\t\t\t\t\t\t\t\t\t\t\t\t<img loading=\"lazy\" decoding=\"async\" width=\"1024\" height=\"433\" src=\"https:\/\/e-classintothedeep.eu\/wp-content\/uploads\/2024\/05\/mark-timberlake-Ht6yybFBiX8-unsplash-scaled-e1716200732740-1024x433.jpg\" class=\"attachment-large size-large wp-image-1897\" alt=\"\" srcset=\"https:\/\/e-classintothedeep.eu\/wp-content\/uploads\/2024\/05\/mark-timberlake-Ht6yybFBiX8-unsplash-scaled-e1716200732740-1024x433.jpg 1024w, https:\/\/e-classintothedeep.eu\/wp-content\/uploads\/2024\/05\/mark-timberlake-Ht6yybFBiX8-unsplash-scaled-e1716200732740-300x127.jpg 300w, https:\/\/e-classintothedeep.eu\/wp-content\/uploads\/2024\/05\/mark-timberlake-Ht6yybFBiX8-unsplash-scaled-e1716200732740-768x325.jpg 768w, https:\/\/e-classintothedeep.eu\/wp-content\/uploads\/2024\/05\/mark-timberlake-Ht6yybFBiX8-unsplash-scaled-e1716200732740-1536x650.jpg 1536w, https:\/\/e-classintothedeep.eu\/wp-content\/uploads\/2024\/05\/mark-timberlake-Ht6yybFBiX8-unsplash-scaled-e1716200732740-18x8.jpg 18w, https:\/\/e-classintothedeep.eu\/wp-content\/uploads\/2024\/05\/mark-timberlake-Ht6yybFBiX8-unsplash-scaled-e1716200732740.jpg 1612w\" sizes=\"(max-width: 1024px) 100vw, 1024px\" \/>\t\t\t\t\t\t\t\t\t\t\t\t\t\t\t<\/div>\n\t\t\t\t<\/div>\n\t\t\t\t<div class=\"elementor-element elementor-element-d15972a elementor-widget elementor-widget-heading\" data-id=\"d15972a\" data-element_type=\"widget\" data-e-type=\"widget\" data-widget_type=\"heading.default\">\n\t\t\t\t<div class=\"elementor-widget-container\">\n\t\t\t\t\t<h2 class=\"elementor-heading-title elementor-size-default\"><a href=\"https:\/\/e-classintothedeep.eu\/de\/coastal-north-western-mediterranean-catalan-ecosystems\/\">K\u00fcsten\u00f6kosysteme des nordwestlichen Mittelmeers<\/a><\/h2>\t\t\t\t<\/div>\n\t\t\t\t<\/div>\n\t\t\t\t\t<\/div>\n\t\t<\/div>\n\t\t\t\t\t<\/div>\n\t\t<\/section>\n\t\t\t\t<section class=\"elementor-section elementor-top-section elementor-element elementor-element-491bf37 elementor-section-boxed elementor-section-height-default elementor-section-height-default\" data-id=\"491bf37\" data-element_type=\"section\" data-e-type=\"section\" data-settings=\"{&quot;_ha_eqh_enable&quot;:false}\">\n\t\t\t\t\t\t<div class=\"elementor-container elementor-column-gap-default\">\n\t\t\t\t\t<div class=\"elementor-column elementor-col-100 elementor-top-column elementor-element elementor-element-72adc7a\" data-id=\"72adc7a\" data-element_type=\"column\" data-e-type=\"column\">\n\t\t\t<div class=\"elementor-widget-wrap elementor-element-populated\">\n\t\t\t\t\t\t<div class=\"elementor-element elementor-element-d27d6df elementor-widget elementor-widget-spacer\" data-id=\"d27d6df\" data-element_type=\"widget\" data-e-type=\"widget\" data-widget_type=\"spacer.default\">\n\t\t\t\t<div class=\"elementor-widget-container\">\n\t\t\t\t\t\t\t<div class=\"elementor-spacer\">\n\t\t\t<div class=\"elementor-spacer-inner\"><\/div>\n\t\t<\/div>\n\t\t\t\t\t\t<\/div>\n\t\t\t\t<\/div>\n\t\t\t\t\t<\/div>\n\t\t<\/div>\n\t\t\t\t\t<\/div>\n\t\t<\/section>\n\t\t\t\t<\/div>","protected":false},"excerpt":{"rendered":"<p>Courses Hard Bottom Ecosystem in the Artic Cold-Seep Ecosystem , Barkley Canyon, BC, Canada The Dim Light Habitats of the Aegean Sea, Greece Coastal North-Western Mediterranean (Catalan) Ecosystems<\/p>","protected":false},"author":1,"featured_media":0,"parent":0,"menu_order":0,"comment_status":"closed","ping_status":"closed","template":"","meta":{"_uag_custom_page_level_css":"","site-sidebar-layout":"no-sidebar","site-content-layout":"page-builder","ast-site-content-layout":"full-width-container","site-content-style":"unboxed","site-sidebar-style":"unboxed","ast-global-header-display":"","ast-banner-title-visibility":"","ast-main-header-display":"","ast-hfb-above-header-display":"","ast-hfb-below-header-display":"","ast-hfb-mobile-header-display":"","site-post-title":"disabled","ast-breadcrumbs-content":"","ast-featured-img":"disabled","footer-sml-layout":"","ast-disable-related-posts":"","theme-transparent-header-meta":"enabled","adv-header-id-meta":"","stick-header-meta":"","header-above-stick-meta":"","header-main-stick-meta":"","header-below-stick-meta":"","astra-migrate-meta-layouts":"set","ast-page-background-enabled":"default","ast-page-background-meta":{"desktop":{"background-color":"var(--ast-global-color-4)","background-image":"","background-repeat":"repeat","background-position":"center center","background-size":"auto","background-attachment":"scroll","background-type":"","background-media":"","overlay-type":"","overlay-color":"","overlay-opacity":"","overlay-gradient":""},"tablet":{"background-color":"","background-image":"","background-repeat":"repeat","background-position":"center center","background-size":"auto","background-attachment":"scroll","background-type":"","background-media":"","overlay-type":"","overlay-color":"","overlay-opacity":"","overlay-gradient":""},"mobile":{"background-color":"","background-image":"","background-repeat":"repeat","background-position":"center center","background-size":"auto","background-attachment":"scroll","background-type":"","background-media":"","overlay-type":"","overlay-color":"","overlay-opacity":"","overlay-gradient":""}},"ast-content-background-meta":{"desktop":{"background-color":"var(--ast-global-color-5)","background-image":"","background-repeat":"repeat","background-position":"center center","background-size":"auto","background-attachment":"scroll","background-type":"","background-media":"","overlay-type":"","overlay-color":"","overlay-opacity":"","overlay-gradient":""},"tablet":{"background-color":"var(--ast-global-color-5)","background-image":"","background-repeat":"repeat","background-position":"center center","background-size":"auto","background-attachment":"scroll","background-type":"","background-media":"","overlay-type":"","overlay-color":"","overlay-opacity":"","overlay-gradient":""},"mobile":{"background-color":"var(--ast-global-color-5)","background-image":"","background-repeat":"repeat","background-position":"center center","background-size":"auto","background-attachment":"scroll","background-type":"","background-media":"","overlay-type":"","overlay-color":"","overlay-opacity":"","overlay-gradient":""}},"_themeisle_gutenberg_block_has_review":false,"footnotes":""},"class_list":["post-1322","page","type-page","status-publish","hentry"],"uagb_featured_image_src":{"full":false,"thumbnail":false,"medium":false,"medium_large":false,"large":false,"1536x1536":false,"2048x2048":false,"trp-custom-language-flag":false},"uagb_author_info":{"display_name":"admin","author_link":"https:\/\/e-classintothedeep.eu\/de\/author\/admin_y1o5rj9p\/"},"uagb_comment_info":0,"uagb_excerpt":"Courses Hard Bottom Ecosystem in the Artic Cold-Seep Ecosystem , Barkley Canyon, BC, Canada The Dim Light Habitats of the Aegean Sea, Greece Coastal North-Western Mediterranean (Catalan) Ecosystems","_links":{"self":[{"href":"https:\/\/e-classintothedeep.eu\/de\/wp-json\/wp\/v2\/pages\/1322","targetHints":{"allow":["GET"]}}],"collection":[{"href":"https:\/\/e-classintothedeep.eu\/de\/wp-json\/wp\/v2\/pages"}],"about":[{"href":"https:\/\/e-classintothedeep.eu\/de\/wp-json\/wp\/v2\/types\/page"}],"author":[{"embeddable":true,"href":"https:\/\/e-classintothedeep.eu\/de\/wp-json\/wp\/v2\/users\/1"}],"replies":[{"embeddable":true,"href":"https:\/\/e-classintothedeep.eu\/de\/wp-json\/wp\/v2\/comments?post=1322"}],"version-history":[{"count":58,"href":"https:\/\/e-classintothedeep.eu\/de\/wp-json\/wp\/v2\/pages\/1322\/revisions"}],"predecessor-version":[{"id":2048,"href":"https:\/\/e-classintothedeep.eu\/de\/wp-json\/wp\/v2\/pages\/1322\/revisions\/2048"}],"wp:attachment":[{"href":"https:\/\/e-classintothedeep.eu\/de\/wp-json\/wp\/v2\/media?parent=1322"}],"curies":[{"name":"wp","href":"https:\/\/api.w.org\/{rel}","templated":true}]}}